{"id":5567,"date":"2022-02-10T16:16:52","date_gmt":"2022-02-10T15:16:52","guid":{"rendered":"https:\/\/webilsv2.delixir.com\/blog\/?page_id=5567"},"modified":"2022-02-10T16:17:14","modified_gmt":"2022-02-10T15:17:14","slug":"planning","status":"publish","type":"page","link":"https:\/\/webilsv2.delixir.com\/blog\/planning\/","title":{"rendered":"Planning"},"content":{"rendered":"<script text=\"text\/javascript\">var min_hour=07; var min_minute=30; var max_hour=23; var max_minute=00;<\/script><div id=\"planning_ils_container\">\n\t\t\t<input type=\"hidden\" id=\"dateref\" value=\"2026-05-11\" \/>\n\t\t\t<input type=\"hidden\" id=\"date1\" value=\"2026-05-11\" \/>\n\t\t\t<input type=\"hidden\" id=\"date2\" value=\"2026-05-17\" \/>\n\n\t\t\t<div class=\"planning_title\"><h4>S\u00e9lectionnez la date d'intervention souhait\u00e9e :<\/h4><\/div>\n\n\t\t\t<div id=\"mybutton\">\n\t\t\t\t<button id=\"previous_week\">Semaine pr\u00e9c\u00e9dente<\/button>\n\t\t\t\t<!-- <button id=\"current_week\">Semaine actuelle<\/button> -->\n\t\t\t\t<button id=\"next_week\">Semaine suivante<\/button>\n\t\t\t<\/div>\n\n\t\t\t<div id=\"planning\"><\/div>\n\n\t\t\t<div id=\"planning_arrow\">\n\t\t\t\t<div class=\"arrow\">\n\t\t\t\t\t<img decoding=\"async\" src=\"https:\/\/webilsv2.delixir.com\/blog\/wp-content\/plugins\/planning-ils\/assets\/img\/arrow_planning.png\" \/>\n\t\t\t\t<\/div>\n\t\t\t\t<div class=\"text\">\n\t\t\t\t\t<p>D\u00e9marrez votre demande en ligne en cliquant sur la \u00bd journ\u00e9e souhait\u00e9e.<br\/>Nous vous r\u00e9pondrons le plus rapidement possible.<\/p>\n\t\t\t\t<\/div>\n\t\t\t<\/div>\n\n\t\t\t<div id=\"choose_type\" style=\"display:none;\">\n\t\t\t\t<h4>Vous \u00eates * :<\/h4>\n\t\t\t\t<div class=\"customer\"><div class=\"select_type\" data-type=\"2\">\n\t\t\t\t\t\t<div class=\"box\"><div class=\"iconbox_icon heading-color \" style=\"background-color:#4278f5; color:#ffffff;\"><i class='fas fa-user'><\/i><\/div><p>Particulier<\/p><\/div>\n\t\t\t\t\t\t<\/div><div class=\"select_type show-pro-field\" data-type=\"5\">\n\t\t\t\t\t\t<div class=\"box\"><div class=\"iconbox_icon heading-color \" style=\"background-color:#3bc987; color:#ffffff;\"><i class='fas fa-home'><\/i><\/div><p>Service public<\/p><\/div>\n\t\t\t\t\t\t<\/div><div class=\"select_type\" data-type=\"6\">\n\t\t\t\t\t\t<div class=\"box\"><div class=\"iconbox_icon heading-color \" style=\"background-color:#000000; color:#ffffff;\"><i class='fas fa-bolt'><\/i><\/div><p>Entreprise<\/p><\/div>\n\t\t\t\t\t\t<\/div><div class=\"select_type\" data-type=\"is_client\">\n\t\t\t\t\t\t<div class=\"box\"><div class=\"iconbox_icon heading-color \" style=\"background-color:#ffc700; color:#ffffff;\"><i class=\"far fa-address-book\"><\/i><\/div><p>D\u00e9j\u00e0 client ?<\/p><\/div>\n\t\t\t\t\t\t<\/div><\/div>\n\n\t\t\t\t<div id=\"customer_code_container\" class=\"input-field\" style=\"display:none;margin-top:30px;\">\n\t\t\t\t\t<label>Saisissez votre code client ici :<\/label>\n\t\t\t\t\t<input type=\"text\" id=\"customer_code_input\" value=\"\"><!--\n\t\t\t\t\t--><button id=\"search_customer\"><i class=\"fas fa-search\"><\/i><\/button>\n\t\t\t\t\t<p class=\"error\">Malheureusement, nous ne vous avons pas trouv\u00e9... Veuillez v\u00e9rifier votre code client.<\/p>\n\t\t\t\t<\/div>\n\n\t\t\t\t<form action=\"\" method=\"post\" enctype=\"multipart\/form-data\" id=\"planning_form\">\n\t\t\t\t\t<input type=\"hidden\" id=\"chosen_type\" name=\"customer_type\">\n\t\t\t\t\t<input type=\"hidden\" name=\"is_pro_type\">\n\t\t\t\t\t<input type=\"hidden\" id=\"customer_code\" name=\"customer_code\">\t\n\n\t\t\t\t\t<div id=\"customer_infos_container\" style=\"display:none;\">\n\t\t\t\t\t\t<h4>Vos coordonn\u00e9es<\/h4>\n\t\t\t\t\t\t<p class=\"infos-block\"><\/p>\n\t\t\t\t\t\t<h4>Vos adresses<\/h4>\n\t\t\t\t\t\t<div class=\"input-field\"><label>Adresse d'intervention<\/label><select name=\"customer_intervention_addr\"><\/select><\/div>\n\t\t\t\t\t\t<div class=\"input-field\"><label>Adresse de facturation<\/label><select name=\"customer_invoice_addr\"><\/select><\/div>\n\t\t\t\t\t\t<a class=\"open-fancy\" data-target=\"#fancy_addr\" style=\"cursor:pointer;\">+ Ajouter une adresse d'intervention ou de facturation<\/a>\n\t\t\t\t\t\t<div style=\"display:none;width:600px;\" id=\"fancy_addr\">\n\t\t\t\t\t\t\t<div class=\"input-field\">\n\t\t\t\t\t\t\t\t<label>Adresse postale *<\/label>\n\t\t\t\t\t\t\t\t<input type=\"text\" id=\"addr1\" class=\"search-addr\" value=\"\">\n\t\t\t\t\t\t\t<\/div>\n\n\t\t\t\t\t\t\t<div class=\"input-field\">\n\t\t\t\t\t\t\t\t<label>Compl\u00e9ment d'adresse<\/label>\n\t\t\t\t\t\t\t\t<input type=\"text\" id=\"addr2\" value=\"\">\n\t\t\t\t\t\t\t<\/div>\n\n\t\t\t\t\t\t\t<div class=\"input-field\">\n\t\t\t\t\t\t\t\t<label>Ville *<\/label>\n\t\t\t\t\t\t\t\t<input type=\"text\" id=\"city\" value=\"\">\n\t\t\t\t\t\t\t<\/div>\n\n\t\t\t\t\t\t\t<div class=\"input-field\">\n\t\t\t\t\t\t\t\t<label>Code postal *<\/label>\n\t\t\t\t\t\t\t\t<input type=\"text\" id=\"postcode\" value=\"\">\n\t\t\t\t\t\t\t<\/div>\n\n\t\t\t\t\t\t\t<div class=\"input-field\">\n\t\t\t\t\t\t\t\t<label for=\"intervention_addr\">Adresse d'intervention<\/label>\n\t\t\t\t\t\t\t\t<input type=\"checkbox\" id=\"intervention_addr\" checked><br>\n\t\t\t\t\t\t\t\t<label for=\"invoice_addr\">Adresse de facturation<\/label>\n\t\t\t\t\t\t\t\t<input type=\"checkbox\" id=\"invoice_addr\" checked>\n\t\t\t\t\t\t\t<\/div>\n\n\t\t\t\t\t\t\t<div style=\"text-align:right;\">\n\t\t\t\t\t\t\t\t<button id=\"add_addr\">Ajouter<\/button>\n\t\t\t\t\t\t\t<\/div>\n\t\t\t\t\t\t<\/div>\n\t\t\t\t\t<\/div>\n\n\t\t\t\t\t<div id=\"infos_block\">\n\t\t\t\t\t\t<h4>Vos coordonn\u00e9es<\/h4>\n\t\t\t\t\t\t<div id=\"company_name\" class=\"input-field pro-field\" style=\"display:none;\">\n\t\t\t\t\t\t\t<label>Nom de l'entit\u00e9 (soci\u00e9t\u00e9, association, service public...) *<\/label>\n\t\t\t\t\t\t\t<input type=\"text\" name=\"company_name\" value=\"\">\n\t\t\t\t\t\t<\/div>\n\n\t\t\t\t\t\t<div class=\"input-field\">\n\t\t\t\t\t\t\t<label>Nom *<\/label>\n\t\t\t\t\t\t\t<input type=\"text\" name=\"lastname\" value=\"\">\n\t\t\t\t\t\t<\/div>\n\n\t\t\t\t\t\t<div class=\"input-field\">\n\t\t\t\t\t\t\t<label>Pr\u00e9nom *<\/label>\n\t\t\t\t\t\t\t<input type=\"text\" name=\"firstname\" value=\"\">\n\t\t\t\t\t\t<\/div>\n\n\t\t\t\t\t\t<div class=\"input-field\">\n\t\t\t\t\t\t\t<label>Adresse postale *<\/label>\n\t\t\t\t\t\t\t<input type=\"text\" name=\"addr1\" id=\"search_addr_a\" class=\"search-addr\" value=\"\">\n\t\t\t\t\t\t<\/div>\n\n\t\t\t\t\t\t<div class=\"input-field\">\n\t\t\t\t\t\t\t<label>Compl\u00e9ment d'adresse<\/label>\n\t\t\t\t\t\t\t<input type=\"text\" name=\"addr2\" value=\"\">\n\t\t\t\t\t\t<\/div>\n\n\t\t\t\t\t\t<div class=\"input-field\">\n\t\t\t\t\t\t\t<label>Ville *<\/label>\n\t\t\t\t\t\t\t<input type=\"text\" name=\"city\" id=\"search_addr_a_city\" value=\"\">\n\t\t\t\t\t\t<\/div>\n\n\t\t\t\t\t\t<div class=\"input-field\">\n\t\t\t\t\t\t\t<label>Code postal *<\/label>\n\t\t\t\t\t\t\t<input type=\"text\" name=\"postcode\" id=\"search_addr_a_postcode\" value=\"\">\n\t\t\t\t\t\t<\/div>\n\n\t\t\t\t\t\t<div class=\"input-field\">\n\t\t\t\t\t\t\t<label>Adresse e-mail *<\/label>\n\t\t\t\t\t\t\t<input type=\"text\" name=\"mail\" value=\"\">\n\t\t\t\t\t\t<\/div>\n\n\t\t\t\t\t\t<div class=\"input-field\">\n\t\t\t\t\t\t\t<label>Num\u00e9ro de t\u00e9l\u00e9phone *<\/label>\n\t\t\t\t\t\t\t<input type=\"text\" name=\"phone\" value=\"\">\n\t\t\t\t\t\t<\/div>\n\n\t\t\t\t\t\t<div id=\"contact_name\" class=\"input-field pro-field\" style=\"display:none;\">\n\t\t\t\t\t\t\t<label>Nom et N\u00b0 de tel du contact sur place *<\/label>\n\t\t\t\t\t\t\t<input type=\"text\" name=\"contact\" value=\"\">\n\t\t\t\t\t\t<\/div>\n\t\t\t\t\t<\/div>\n\n\t\t\t\t\t<h4>Date et horaires d'intervention<\/h4>\n\n\t\t\t\t\t<table id=\"dates_intervention\">\n\t\t\t\t\t\t<thead><tr><th>Date<\/th><th>Heure de d\u00e9but<\/th><th>Heure de fin<\/th><th><\/th><\/tr><\/thead>\n\t\t\t\t\t\t<tbody>\n\t\t\t\t\t\t\t<tr>\n\t\t\t\t\t\t\t\t<td><div class=\"input-field\"><input type=\"text\" data-default=\"\" name=\"date_start_1\" class=\"datepicker\"><\/div><\/td>\n\t\t\t\t\t\t\t\t<td><div class=\"input-field\"><input type=\"text\" name=\"time_start_1\" class=\"timepicker\" value=\"\"><\/div><\/td>\n\t\t\t\t\t\t\t\t<td><div class=\"input-field\"><input type=\"text\" name=\"time_end_1\" class=\"timepicker\" value=\"\"><\/div><\/td>\n\t\t\t\t\t\t\t\t<td style=\"min-width:105px;\"><\/td>\n\t\t\t\t\t\t\t<\/tr><\/tbody>\n\t\t\t\t\t<\/table>\n\t\t\t\t\t<div style=\"margin-top:10px;text-align:right;\"><button id=\"add_date\">Ajouter une date<\/button><\/div><h4 class=\"hidable-detail\">Adresse d'intervention<\/h4><div class=\"input-field hidable-detail\">\n\t\t\t\t\t\t<label class=\"light\" for=\"copy_addr\">Si l'adresse d'intervention est la m\u00eame que vos coordonn\u00e9es, cochez cette case : <\/label><input type=\"checkbox\" name=\"copy_addr\" id=\"copy_addr\" style=\"vertical-align:middle;margin-top:0;\">\n\t\t\t\t\t<\/div>\n\n\t\t\t\t\t<div class=\"input-field hidable-detail\">\n\t\t\t\t\t\t<label>Adresse postale<\/label>\n\t\t\t\t\t\t<input type=\"text\" name=\"addr1_detail\" id=\"search_addr_b\" class=\"search-addr\" value=\"\">\n\t\t\t\t\t<\/div>\n\n\t\t\t\t\t<div class=\"input-field hidable-detail\">\n\t\t\t\t\t\t<label>Compl\u00e9ment d'adresse, b\u00e2timent, \u00e9tage, salle,...<\/label>\n\t\t\t\t\t\t<input type=\"text\" name=\"addr2_detail\" value=\"\">\n\t\t\t\t\t<\/div>\n\n\t\t\t\t\t<div class=\"input-field hidable-detail\">\n\t\t\t\t\t\t<label>Ville<\/label>\n\t\t\t\t\t\t<input type=\"text\" name=\"city_detail\" id=\"search_addr_b_city\" value=\"\">\n\t\t\t\t\t<\/div>\n\n\t\t\t\t\t<div class=\"input-field hidable-detail\">\n\t\t\t\t\t\t<label>Code postal<\/label>\n\t\t\t\t\t\t<input type=\"text\" name=\"postcode_detail\" id=\"search_addr_b_postcode\" value=\"\">\n\t\t\t\t\t<\/div>\n\n\t\t\t\t\t<h4>Donnez-nous quelques d\u00e9tails<\/h4>\n\n\t\t\t\t\t<div class=\"input-field\">\n\t\t\t\t\t\t<label>Type d'\u00e9v\u00e8nement<\/label>\n\t\t\t\t\t\t<select name=\"event_type\" id=\"event_type\"><option value=\"1\">Rendez-vous (M\u00e9dical, Scolaire, Bancaire, Entretien,...)<\/option><option value=\"2\">R\u00e9union (Associative, Assembl\u00e9e, Groupe de travail,...)<\/option><option value=\"3\">Grande r\u00e9union (R\u00e9union de service, Conseil d'administration, Conf\u00e9rence,...)<\/option><option value=\"4\">\u00c9v\u00e8nement (C\u00e9r\u00e9monie civile ou religieuse, Visite culturelle, Salon, D\u00e9bat,...)<\/option><option value=\"5\">Formation et atelier<\/option><option value=\"6\">F\u00eates (P\u00e2ques, anniversaires, No\u00ebl...)<\/option><option value=\"16\">Juridique ((tribunal, avocat, etc...))<\/option><\/select><\/div>\n\n\t\t\t\t\t<div class=\"input-field\" style=\"display: grid;grid-template-columns: auto 1fr;\">\n\t\t\t\t\t\t<img decoding=\"async\" src=\"https:\/\/webilsv2.delixir.com\/blog\/wp-content\/plugins\/planning-ils\/assets\/img\/arrow_right.png\"><select name=\"sub_type\" id=\"sub_type\" style=\"display:inline-block;\"><\/select>\n\t\t\t\t\t<\/div>\n\n\t\t\t\t\t<div class=\"input-field\">\n\t\t\t\t\t\t<label>Contexte de la situation ou autre information<\/label>\n\t\t\t\t\t\t<textarea id=\"sub_type_description\" name=\"comment_detail\" cols=\"5\" rows=\"5\" style=\"resize:none;\"><\/textarea>\n\t\t\t\t\t<\/div>\n\n\t\t\t\t\t<div class=\"input-field\">\n\t\t\t\t\t\t<label>Nombre de participants<\/label>\n\t\t\t\t\t\t<input type=\"text\" name=\"nb_participant\" value=\"\">\n\t\t\t\t\t<\/div>\n\n\t\t\t\t\t<div class=\"input-field\">\n\t\t\t\t\t\t<label>La prestation sera film\u00e9e :<\/label><input type=\"radio\" name=\"filmed\" value=\"1\" id=\"filmed_yes\"><label for=\"filmed_yes\">Oui<\/label>\n\t\t\t\t\t\t<input type=\"radio\" name=\"filmed\" value=\"0\" id=\"filmed_no\" checked><label for=\"filmed_no\">Non<\/label>\n\t\t\t\t\t<\/div>\n\n\t\t\t\t\t<h4>Si vous avez des fichiers \u00e0 nous envoyer, faites-le ici<\/h4>\n\n\t\t\t\t\t<p style=\"font-size: 14px;font-style: italic;\">A noter que les fichiers de plus de 5Mo ne seront pas accept\u00e9s.<\/p>\n\n\t\t\t\t\t<div class=\"input-field type-file\">\n\t\t\t\t\t\t<input type=\"file\" name=\"file_1\">\n\t\t\t\t\t<\/div>\n\n\t\t\t\t\t<div class=\"input-field type-file\">\n\t\t\t\t\t\t<input type=\"file\" name=\"file_2\">\n\t\t\t\t\t<\/div>\n\n\t\t\t\t\t<div class=\"input-field type-file\">\n\t\t\t\t\t\t<input type=\"file\" name=\"file_3\">\n\t\t\t\t\t<\/div>\n\n\t\t\t\t\t<button id=\"planning_validate\">Envoyer votre demande<\/button>\n\t\t\t\t\t<input type=\"hidden\" name=\"send_request\">\n\t\t\t\t\t<p id=\"planning_validate_error\">Veuillez v\u00e9rifier vos informations.<\/p>\n\t\t\t\t<\/form>\n\t\t\t<\/div>\n\t\t<\/div>\n","protected":false},"excerpt":{"rendered":"","protected":false},"author":1,"featured_media":0,"parent":0,"menu_order":0,"comment_status":"closed","ping_status":"closed","template":"","meta":{"footnotes":""},"class_list":["post-5567","page","type-page","status-publish","hentry"],"_links":{"self":[{"href":"https:\/\/webilsv2.delixir.com\/blog\/wp-json\/wp\/v2\/pages\/5567","targetHints":{"allow":["GET"]}}],"collection":[{"href":"https:\/\/webilsv2.delixir.com\/blog\/wp-json\/wp\/v2\/pages"}],"about":[{"href":"https:\/\/webilsv2.delixir.com\/blog\/wp-json\/wp\/v2\/types\/page"}],"author":[{"embeddable":true,"href":"https:\/\/webilsv2.delixir.com\/blog\/wp-json\/wp\/v2\/users\/1"}],"replies":[{"embeddable":true,"href":"https:\/\/webilsv2.delixir.com\/blog\/wp-json\/wp\/v2\/comments?post=5567"}],"version-history":[{"count":3,"href":"https:\/\/webilsv2.delixir.com\/blog\/wp-json\/wp\/v2\/pages\/5567\/revisions"}],"predecessor-version":[{"id":6652,"href":"https:\/\/webilsv2.delixir.com\/blog\/wp-json\/wp\/v2\/pages\/5567\/revisions\/6652"}],"wp:attachment":[{"href":"https:\/\/webilsv2.delixir.com\/blog\/wp-json\/wp\/v2\/media?parent=5567"}],"curies":[{"name":"wp","href":"https:\/\/api.w.org\/{rel}","templated":true}]}}