{"id":7459,"date":"2023-02-04T14:24:48","date_gmt":"2023-02-04T13:24:48","guid":{"rendered":"https:\/\/webilsv2.delixir.com\/blog\/?page_id=7459"},"modified":"2025-12-19T15:44:01","modified_gmt":"2025-12-19T14:44:01","slug":"versions","status":"publish","type":"page","link":"https:\/\/webilsv2.delixir.com\/blog\/versions\/","title":{"rendered":"Nouvelles versions"},"content":{"rendered":"\n<p><strong>Version \u00e0 venir <\/strong><\/p>\n\n\n\n<ul class=\"wp-block-list\">\n<li>Document &gt; Ajouter dans la fancybox du bouton de modifications des champs compl\u00e9mentaires la possiblit\u00e9 de modifier le chiffrage (affichage du tableau, ajout\/supression de ligne) + autres infos. remplacer l&rsquo;ic\u00f4ne par celle de l&rsquo;\u00e9dition (crayon). Ajouter un lien sur la presation pour permettre l&rsquo;\u00e9dition directe.<\/li>\n\n\n\n<li>Vacation ; r\u00e9currence ou groupe : bouton pour copier une r\u00e9currence ou un autre \u00e9l\u00e9ments du groupe : demande simplement la date et l&rsquo;heure de d\u00e9but. Si \u00e0 l&rsquo;issue de la copie il y a un souci d&rsquo;intervenants (pas de disponiblit\u00e9, ouvrir la module \u00ab\u00a0Attribution des intervenants\u00a0\u00bb et positionner un message d&rsquo;alerte. &gt; bouton dans le d\u00e9tail<\/li>\n\n\n\n<li>(BUG) Document &gt; PDF, sous total \u00e0 0<\/li>\n\n\n\n<li>Permettre le recalcul des heures ILS d&rsquo;une vacation depuis le suivi d&rsquo;activit\u00e9 et le planning<\/li>\n\n\n\n<li>(BUG) Planning &gt; lorsqu&rsquo;il y a trop de vacations \u00e0 la m\u00eame heure qui se chevauchent, certaines se retrouvent cach\u00e9es (cf INJS 19\/06\/2025 service ext\u00e9rieur 15-16h)<\/li>\n\n\n\n<li>R\u00e9capitulatif par semaine sur le mois des frais de transport \/ kilom\u00e9trique (au choix) pour chaque interpr\u00e8te (pas que ceux saisis mais aussi ceux \u00e0 venir pour se projeter et pouvoir \u00e9quilibrer la r\u00e9partition des frais entre chaque interpr\u00e8te) (dans le suivi d&rsquo;activit\u00e9 ?)<\/li>\n\n\n\n<li>Ajout vacation depuis document, vacation non trouv\u00e9e : exemple si on a une vac dans un BC qui a \u00e9t\u00e9 transf\u00e9r\u00e9 en FA mais dans laquelle la vac a \u00e9t\u00e9 supprim\u00e9e et qu&rsquo;on souhaite ajouter la vac \u00e0 une autre FA existante, elle n&rsquo;apparait pas dans la liste des vacations propos\u00e9es (condition quotation-vacation.php l.2813 ?)<\/li>\n\n\n\n<li>Annuler une vacation en erreur de saisie la retire des documents auxquels elle est rattach\u00e9e<\/li>\n\n\n\n<li>Pour les motifs d&rsquo;annulation de vacation, ajouter une option permettant de retirer la vacation des documents<\/li>\n\n\n\n<li>Document ajout de la date d&rsquo;\u00e9dition au PDF (option case \u00e0 cocher + balise template ?)<\/li>\n<\/ul>\n\n\n\n<p><strong>Version 53 (en cours)<\/strong><\/p>\n\n\n\n<ul class=\"wp-block-list\">\n<li>TVA par d\u00e9faut doit \u00eatre s\u00e9lectionn\u00e9e lors de la cr\u00e9ation de produits\/clients<\/li>\n\n\n\n<li>(BUG) Vacation &gt; attribuer les frais aux ILS depuis la liste de produits provoque des r\u00e9sultats inattendus (suppression de pr\u00e9c\u00e9dents frais saisis,&#8230;) + correction du calcul qui prenait parfois en compte la remise de la ligne<\/li>\n\n\n\n<li>(BUG) Vacation &gt; ajout d&rsquo;un b\u00e9n\u00e9ficiaire, ajax mauvais nombre de b\u00e9n\u00e9ficiaires<\/li>\n\n\n\n<li>(BUG) Planning &gt; Probl\u00e8me de droits au niveau de l&rsquo;affichage du lien d&rsquo;acc\u00e8s \u00e0 une vacation dans la fen\u00eatre de d\u00e9tails<\/li>\n\n\n\n<li>B\u00e9n\u00e9ficiaires &gt; S\u00e9paration des b\u00e9n\u00e9ficiaires de la partie clients.<br>Ajout des fonctionnalit\u00e9s d&rsquo;import et d&rsquo;export de la liste.<br>Ajout des champs compl\u00e9mentaires (avec la param\u00e9trage qui va avec).<br>Int\u00e9gration des champs compl\u00e9mentaires dans les mod\u00e8les de document &#8211; si l&rsquo;option \u00ab\u00a0Liste des b\u00e9n\u00e9ficiaires\u00a0\u00bb est coch\u00e9e pour la cr\u00e9ation du PDF, les champs compl\u00e9mentaires \u00e0 afficher (cf param\u00e9trage) seront int\u00e9gr\u00e9s sous forme de tableau.<br>Ajout du bouton \u00ab\u00a0consulter les vacations et documents du b\u00e9n\u00e9ficiaires\u00a0\u00bb (cf clients)<br>Nouveau\/Modifier : ajout de la liste clients (\u00ab\u00a0Rattach\u00e9 \u00e0\u00a0\u00bb)<br>Listing : ajout de la liste des clients pour filtrer (cf facturation fin de mois)<\/li>\n\n\n\n<li>GRH &gt; Suivi d&rsquo;activit\u00e9 lent \u00e0 charger =&gt; chargement des frais am\u00e9lior\u00e9<\/li>\n\n\n\n<li>Listing &gt; r\u00e9duction de la hauteur des lignes de texte pour gagner de l&rsquo;espace<\/li>\n\n\n\n<li>Liste des vacations et documents &gt; ajout d&rsquo;une recherche pour la liste des clients (filtrage colonne droite)<\/li>\n\n\n\n<li>Param\u00e8tres &gt; soci\u00e9t\u00e9 &gt; affichage : ajout d&rsquo;options pour afficher les b\u00e9n\u00e9ficiaires dans les listing (1 pour les vacations + 1 pour les documents)<\/li>\n\n\n\n<li>Listing vacations et documents &gt; ajout de la colonne b\u00e9n\u00e9ficiaires (selon l&rsquo;option du param\u00e9trage) + colonne de droite pour le filtrage<\/li>\n\n\n\n<li>(BUG) Vacation &gt; A la cr\u00e9ation d&rsquo;une vacation, si on ajoute un produit, TVA nulle<\/li>\n\n\n\n<li>Export documents csv &gt; ajout colonnes b\u00e9n\u00e9ficiaires, vacations, champs compl\u00e9mentaires et adresses (administrative + facturation)<\/li>\n\n\n\n<li>(BUG) Frais &gt; L&rsquo;export ne prend pas en compte les frais hors vacation<\/li>\n\n\n\n<li>(BUG) Vacation &gt; Passer de facturation \u00ab\u00a0Aucune\u00a0\u00bb \u00e0 un autre mode ne recalcule pas le total de la vacation en BDD et du coup la vacation n&rsquo;apparait pas dans la facturation fin de mois<\/li>\n\n\n\n<li>Clients &gt; Nouveau\/Modifier : ajout de la liste des b\u00e9n\u00e9ficiaires<\/li>\n\n\n\n<li>B\u00e9n\u00e9ficiaires + Clients &gt; fiche : ajout d&rsquo;un bloc de statistiques avec CA et nombre de vacations r\u00e9alis\u00e9es (N-1 et N) et nombre de vacations \u00e0 venir<\/li>\n\n\n\n<li>Exports documents + clients + b\u00e9n\u00e9ficiaires : ajout de \u00ab\u00a0Exporter la liste\u00a0\u00bb permettant de prendre en compte le filtrage pour l&rsquo;export<\/li>\n\n\n\n<li>(BUG) Vacation &gt; Quand on ajoute un intervenant \u00e0 une vacation sans intervenant, le calcul des quantit\u00e9s ne se fait pas<\/li>\n\n\n\n<li>(BUG) Document &gt; Modifier la date du document ne fonctionne pas<\/li>\n\n\n\n<li>(BUG) Liste vacations &gt; Lier une seule vacation \u00e0 un groupe ne fonctionne pas<\/li>\n\n\n\n<li>Vacations li\u00e9es &gt; lorsqu&rsquo;une vacation li\u00e9e est dans un document (hors devis) et que l&rsquo;on souhaite cr\u00e9er un autre document \u00ab\u00a0sup\u00e9rieur\u00a0\u00bb, il ne sera pas possible de s\u00e9lectionner la premi\u00e8re vacation. Exemple : vac 1, 2 et 3 sont li\u00e9es, si vac 1 est dans un bon de livraison et que l&rsquo;on cr\u00e9e une facture avec la vac 2, il sera possible de s\u00e9lectionner la vac 3 (lien \u00ab\u00a0ajouter les vacations li\u00e9es\u00a0\u00bb du bandeau bleu dans la facture) mais la vac 1 sera dans les indisponible alors que depuis le bon, on peut d\u00e9tacher la vac 1 pour la rattacher \u00e0 la facture<br>De plus, dans les indisponibles on retrouve les vacations d\u00e9j\u00e0 dans le document courant<\/li>\n\n\n\n<li>Financier &gt; plus de notion d&rsquo;abonnement<\/li>\n\n\n\n<li>Listes de document &gt; ajout d&rsquo;une option \u00ab\u00a024 mois\u00a0\u00bb \u00e0 la r\u00e9glette du filtre d&rsquo;affichage<\/li>\n\n\n\n<li>Vacation &gt; Mauvais affichage (bandeau) \/ manque de visibilit\u00e9 et d&rsquo;acc\u00e8s pour les vacations d&rsquo;un avoir n\u00e9cessitant une refacturation =&gt; les vacations sur avoir apparaissent dans la facturation fin de mois<\/li>\n\n\n\n<li>Modifier l&rsquo;adresse de facturation d&rsquo;une vacation propose, dans le cas o\u00f9 la vac est dans un (ou plusieurs) documents, de modifier l&rsquo;adresse des doc<\/li>\n\n\n\n<li>(BUG) Indisponibilit\u00e9s &gt; Commentaire ne s&rsquo;enregistre pas<\/li>\n\n\n\n<li>(BUG) Envoie mails planning journalier ne s&rsquo;ex\u00e9cute pas<\/li>\n\n\n\n<li>Indisponibilit\u00e9s &gt; bouton \u00ab\u00a0refuser\u00a0\u00bb en orange<\/li>\n\n\n\n<li>Export vacations : ajout d&rsquo;une colonne avec le montant<\/li>\n\n\n\n<li>Export planning : ajout des champs personnalis\u00e9s<\/li>\n\n\n\n<li>Changement du num\u00e9rotation de versioning et sortie de beta<\/li>\n\n\n\n<li>Changement de couleur des boutons pour plus de visibilit\u00e9<\/li>\n\n\n\n<li>Vacation > Tableau interpr\u00e8tes : ajout d&rsquo;un indication (icone \u00ab\u00a0i\u00a0\u00bb) quand la case \u00ab\u00a0activer les kms\u00a0\u00bb (wizard) n&rsquo;est pas coch\u00e9e pour l&rsquo;ils<\/li>\n<\/ul>\n\n\n\n<h2 class=\"wp-block-heading\">Historique<\/h2>\n\n\n\n<p><strong>Version 0.5.2.4<\/strong> <strong>&#8211; 02\/06\/2025<\/strong><\/p>\n\n\n\n<ul class=\"wp-block-list\">\n<li>(BUG) Vacation &gt; la copie int\u00e9grale ne copie pas les totaux qui restent \u00e0 0<\/li>\n<\/ul>\n\n\n\n<p><strong>Version 0.5.2.3<\/strong> <strong>&#8211; 02\/12\/2024<\/strong><\/p>\n\n\n\n<ul class=\"wp-block-list\">\n<li>(BUG) Vacation &gt; A l&rsquo;ajout ou modification d&rsquo;une ligne produit, la TVA du client n&rsquo;est pas appliqu\u00e9e<\/li>\n<\/ul>\n\n\n\n<p><strong>Version 0.5.2.2<\/strong> <strong>&#8211; 29\/11\/2024<\/strong><\/p>\n\n\n\n<ul class=\"wp-block-list\">\n<li>(BUG) Statistiques &gt; Probl\u00e8me de couleurs des l\u00e9gendes des diagrammes circulaires<\/li>\n<\/ul>\n\n\n\n<p><strong>Version 0.5.2.1<\/strong> <strong>&#8211; 30\/10\/2024<\/strong><\/p>\n\n\n\n<ul class=\"wp-block-list\">\n<li>Planning &gt; Ajouter date et heure avant\/apr\u00e8s dans le message de confirmation du glisser-d\u00e9poser<\/li>\n\n\n\n<li>(BUG) Document &gt; d\u00e9doublement des lignes produits \u00e0 chaque enregistrement<\/li>\n\n\n\n<li>M\u00e9diath\u00e8que &gt; Ajout d&rsquo;une barre de suivie de l&rsquo;espace occup\u00e9\/libre<\/li>\n<\/ul>\n\n\n\n<p><strong>Version 0.5.2<\/strong> <strong>&#8211; 25\/10\/2024<\/strong><\/p>\n\n\n\n<p>Ajouts et corrections :<\/p>\n\n\n\n<ul class=\"wp-block-list\">\n<li>(BUG) Document &gt; Changer l&rsquo;adresse de facturation via la liste d\u00e9roulante est surcharg\u00e9 par le fait d&rsquo;appuyer sur le bouton \u00ab\u00a0enregistrer\u00a0\u00bb car on renvoie \u00e9galement l&rsquo;adresse <\/li>\n\n\n\n<li>(BUG) Listing &gt; rechercher un client avec une apostrophe ne fonctionne pas<\/li>\n\n\n\n<li>Vacation &gt; Modification de groupe, possibilit\u00e9 d&rsquo;appliquer la modification des heures au groupe<\/li>\n\n\n\n<li>(BUG) Vacation &gt; modification des vacations li\u00e9es (groupe et r\u00e9currence), le champ informations ne mettait pas \u00e0 jour les bonnes donn\u00e9es<\/li>\n\n\n\n<li>Vacation &gt; la modale de modification de groupe\/r\u00e9currence n&rsquo;est plus propos\u00e9e automatiquement, \u00e0 la place le bouton \u00ab\u00a0Modifier les autres vacations du groupe ou de la r\u00e9currence\u00a0\u00bb apparait<\/li>\n\n\n\n<li>Facturation fin de mois &gt; v\u00e9rifier que les vacations en \u00ab\u00a0ne pas facturer\u00a0\u00bb n&rsquo;apparaissent pas<\/li>\n\n\n\n<li>Etat r\u00e9capitulatif\/facturation fin de mois &gt; filtre\/recherche liste clients<\/li>\n\n\n\n<li>Ajout d&rsquo;une vacation depuis un document, possibilit\u00e9 d&rsquo;avoir un seul tableau avec toutes les vac au lieu des 3 onglets &gt; transformer l&rsquo;onglet \u00ab\u00a0vacations uniques\u00a0\u00bb en \u00ab\u00a0toutes les vacations\u00a0\u00bb<\/li>\n\n\n\n<li>(BUG) M\u00e9diath\u00e8que &gt; Supprimer un document ne fonctionne pas correctement + calcul de l&rsquo;espace disque client incorrect -&gt; <strong>Planifier un nettoyage (cf requ\u00eate dans maj bdd + clean_documents.php)<\/strong> <\/li>\n\n\n\n<li>M\u00e9diath\u00e8que &gt; ajout d&rsquo;un filtre \u00ab\u00a0date\u00a0\u00bb pour cacher les anciens documents + explorateur de fichiers (suppression type + ajout icone, agrandir fenetre)<\/li>\n\n\n\n<li>Vacation &gt; pour modifier les champs suppl\u00e9mentaires d&rsquo;une adresse (zone, b\u00e2timent,&#8230;), on est oblig\u00e9 de repasser par l&rsquo;assistant -&gt; ajout d&rsquo;un bouton d&rsquo;\u00e9dition qui ouvre une modale<\/li>\n\n\n\n<li>Document &gt; Ajout des moutons de chargement lors du transfert d&rsquo;un document pour \u00e9viter d&rsquo;avoir plusieurs clics et donc de cr\u00e9er plusieurs documents d&rsquo;un coup<\/li>\n\n\n\n<li>Export automatique du planning -&gt; ajout d&rsquo;un droit utilisateur : \u00ab\u00a0Recevoir le planning de tout le monde\u00a0\u00bb + les ILS re\u00e7oivent quotidiennement un mail avec leur planning pour les 7j \u00e0 venir et les utilisateurs qui ont le droit re\u00e7oivent un mail avec le planning de tous les ILS (ajout de 2 mod\u00e8les de mail) + ajout dans \u00ab\u00a0Mon compte\u00a0\u00bb d&rsquo;une option permettant de se d\u00e9sabonner du mail quotidien<\/li>\n\n\n\n<li>Planning &gt; Possibilit\u00e9 de glisser-d\u00e9poser les vacations<\/li>\n\n\n\n<li>(BUG) Client &gt; erreur lorsque la latitude et longitude ne sont pas trouv\u00e9es lors de l&rsquo;ajout d&rsquo;une adresse + mauvais reset de la liste d\u00e9roulante \u00ab\u00a0type\u00a0\u00bb apr\u00e8s ajout + mauvais style bouton \u00ab\u00a0enregistrer\u00a0\u00bb lorsqu&rsquo;on \u00e9dite une adresse nouvellement ajout\u00e9e<\/li>\n\n\n\n<li>(BUG) Document + PDF &gt; la date de modification du document affich\u00e9e n&rsquo;est pas la bonne donn\u00e9e<\/li>\n\n\n\n<li>(BUG) Planning &gt; modal d\u00e9tail vacation : probl\u00e8me d&rsquo;affichage de la ligne \u00ab\u00a0masquer\/afficher la vacation\u00a0\u00bb dans le mini menu d\u00e9roulant<\/li>\n\n\n\n<li>Statistiques &gt; rapport d&rsquo;activit\u00e9, ajout du nombre de vacations en dessous du tableau<\/li>\n\n\n\n<li>(BUG) Statistiques &gt; rapport d&rsquo;activit\u00e9 : nombre d&rsquo;heures ILS incorrect<\/li>\n\n\n\n<li>Vacation &gt; ajout d&rsquo;un item au menu d\u00e9roulant permettant de se rendre sur le planning au jour de la vacation<\/li>\n\n\n\n<li>GRH &gt; Cr\u00e9ation de ressource\/utilisateur : lorsque le nombre max d&rsquo;utilisateur est atteint, la case \u00ab\u00a0Ressource\/Intervenant\u00a0\u00bb est coch\u00e9e par d\u00e9faut<\/li>\n\n\n\n<li>GRH &gt; Frais : Optimisation de la fonction de suggestions<\/li>\n\n\n\n<li>Planning : Optimisation du chargement des alertes<\/li>\n\n\n\n<li>Statistiques &gt; Activit\u00e9 : ajout du nombre de kilom\u00e8tres effectu\u00e9s (\u00e0 c\u00f4t\u00e9 du temps pass\u00e9 en d\u00e9placement)<\/li>\n\n\n\n<li>Vacation &gt; onglet r\u00e9currence : ajout des boutons \u00ab\u00a0nouvelle r\u00e9currence\u00a0\u00bb et \u00ab\u00a0lier \u00e0 une r\u00e9currence\u00a0\u00bb<\/li>\n\n\n\n<li>(BUG) Assistant vacation &gt; \u00e9tape 5 : choix contrat ou groupe de vacation en rouge<\/li>\n\n\n\n<li>(BUG) Liste vacation &gt; Filtrage champs compl\u00e9mentaires ne fonctionne plus<\/li>\n\n\n\n<li>Liste vacation &gt; export csv<\/li>\n\n\n\n<li>Document &gt; onglet \u00ab\u00a0Client\u00a0\u00bb : suppression des adresses d&rsquo;intervention et de facturation en mode edit pour \u00e9viter tout conflit avec la modification des cadres en haut de page<\/li>\n\n\n\n<li>(BUG) Indisponibilit\u00e9s &gt; les non intervenants ne peuvent pas saisir leurs indisponibilit\u00e9s<\/li>\n<\/ul>\n\n\n\n<p><strong>Version 0.5.1 &#8211; 12\/12\/2023<\/strong><\/p>\n\n\n\n<p>Ajout et corrections :<\/p>\n\n\n\n<ul class=\"wp-block-list\">\n<li>(BUG) Vacation &gt; A l&rsquo;enregistrement des produits des vacations li\u00e9es, les produits existants sont supprim\u00e9s<\/li>\n\n\n\n<li>(BUG) Document &gt; Cr\u00e9\u00e9 un document avec un produit ne prend pas la bonne adresse de facturation<\/li>\n\n\n\n<li>(BUG) Liste vacation &gt; quand on cherche un client avec une civilit\u00e9 \u00e0 null, il n&rsquo;est pas trouv\u00e9<\/li>\n<\/ul>\n\n\n\n<p><strong>Version 0.5 &#8211; 01\/12\/2023<\/strong><\/p>\n\n\n\n<p>Ajouts et corrections :<\/p>\n\n\n\n<ul class=\"wp-block-list\">\n<li>Refonte graphique de certains \u00e9l\u00e9ments (tableaux et boutons principalement)<\/li>\n\n\n\n<li>Listing vacation &gt; trop lent c\u00f4t\u00e9 client =&gt; changement de la m\u00e9thode de chargement de la liste pour que \u00e7a se fasse c\u00f4t\u00e9 serveur (suppression de la recherche et du tri sur les colonne \u00ab\u00a0Document\u00a0\u00bb, \u00ab\u00a0Facturation\u00a0\u00bb et \u00ab\u00a0Statut\u00a0\u00bb; \u00e0 voir si ces fonctionnalit\u00e9s sont demand\u00e9es pour une prochaine version)<\/li>\n\n\n\n<li>Demande en ligne &gt; Ajouter le nombre de participants dans la section \u00ab\u00a0Intervention\u00a0\u00bb de la demande<\/li>\n\n\n\n<li>(BUG) Vacation &gt; Supprimer le commentaire priv\u00e9 ne fonctionne pas<\/li>\n\n\n\n<li>Vacation &gt; On ne peut pas d\u00e9lier une vacation d&rsquo;un groupe lorsque celle-ci est annul\u00e9e<\/li>\n\n\n\n<li>(BUG) Listing vacation &gt; Possibilit\u00e9 de grouper des vacations de clients diff\u00e9rents<\/li>\n\n\n\n<li>(BUG) Etat r\u00e9capitulatif de facturation &gt; Les vacations dont l&rsquo;heure est sup\u00e9rieure \u00e0 l&rsquo;heure actuelle n&rsquo;apparaissent pas<\/li>\n\n\n\n<li>Renommer \u00ab\u00a0Etat r\u00e9capitulatif de facturation\u00a0\u00bb par \u00ab\u00a0Facturation fin de mois\u00a0\u00bb<\/li>\n\n\n\n<li>(BUG) : Lorsque l&rsquo;on cr\u00e9e une nouveau client avec une nouvelle adresse, le pays apparait avec \u00ab\u00a03\u00a0\u00bb en adresse<\/li>\n\n\n\n<li>Planning Outlook : Ajouter l&rsquo;ic\u00f4ne \u00ab\u00a0+\u00a0\u00bb \u00e0 c\u00f4t\u00e9 de la date pour ajouter\/cr\u00e9er un \u00e9v\u00e8nement ou une prestation (comme sur le planning Ressources)<\/li>\n\n\n\n<li>Vacation &gt; Ajouter une indication au niveau des produits dans le cas o\u00f9 la vacation est en facturation aucune<\/li>\n\n\n\n<li>Ajouter les acomptes dans l&rsquo;affichage du total dans les documents (devis, factures, etc&#8230;) (OK sur les PDF mais pas dans l&rsquo;interface)<\/li>\n\n\n\n<li>Edition de prestation depuis un document (uniquement) &gt; Ajouter dans le titre Devis XXXXX &gt; Modification de PR000XXXX<\/li>\n\n\n\n<li>Vacation : en plus du lien \u00ab\u00a0Cr\u00e9er un document\u00a0\u00bb, il faut des boutons permettant de cr\u00e9er les 4 types de documents, sans action utilisateur. C&rsquo;est l&rsquo;\u00e9quivalent de cliquer sur \u00ab\u00a0Nouveau document\u00a0\u00bb &gt; type &gt; Edition rapide, avec tous les r\u00e9currences ou \u00e9l\u00e9ments de groupes s\u00e9l\u00e9ctionn\u00e9s.<\/li>\n\n\n\n<li>Vacation &gt; R\u00e9currence\/groupe : ajouter une colonne indisuant la valeur en \u20ac de la prestation + bouton Editer (pencil). Cacher le d\u00e9tail en dessous et le d\u00e9plier lorsque l&rsquo;on clique sur le bouton Editer.<\/li>\n\n\n\n<li>Document PDF (devis,&#8230;) &gt; Ajouter le nom du lieu d&rsquo;intervention en plus de l&rsquo;adresse<\/li>\n\n\n\n<li>Ajout d&rsquo;un param\u00e8tre pour que le filtre par d\u00e9faut des document soit \u00ab\u00a0Tous\u00a0\u00bb et non \u00ab\u00a0En cours\u00a0\u00bb<\/li>\n\n\n\n<li>Lorsque l&rsquo;on ajoute une indisponiblit\u00e9 depuis Mon compte ou GRH, il faut syst\u00e9matiquement que la date de fin soit sup\u00e9rieure ou \u00e9gal \u00e0 la date de d\u00e9but et renseign\u00e9 lorsque l&rsquo;on sp\u00e9cifie la date de d\u00e9but<\/li>\n\n\n\n<li>(BUG) Vacation : modifier les r\u00e9currences\/\u00e9l\u00e9ments du groupe n&rsquo;affiche plus ces derni\u00e8res dans r\u00e9currence\/groupe (affiche bien le nombre mais la liste est vide) <strong>=&gt; non constat\u00e9<\/strong><\/li>\n\n\n\n<li>Depuis une vacation, il ne faut pas faire apparaitre les vacations de groupe ou de r\u00e9currence comme \u00e9ditable. Indiqu\u00e9 les vacations factur\u00e9es avec \u00ab\u00a0D\u00e9ja factur\u00e9\u00a0\u00bb \u00e0 la place du logo \u20ac + lien vers la facture.<\/li>\n\n\n\n<li>Ev\u00e8nements : les \u00e9v\u00e8nements cr\u00e9es par r\u00e9currence ne sont pas supprim\u00e9s par r\u00e9currence mais simplement individuellement. Ne sait pas si un les r\u00e9currences d&rsquo;un \u00e9v\u00e8nements sont enregistr\u00e9es.<\/li>\n\n\n\n<li>Ev\u00e8nements : ajouter un tableau des r\u00e9currences qui permet d&rsquo;ajouter ou supprimer une r\u00e9currence d&rsquo;\u00e9v\u00e8nement<\/li>\n\n\n\n<li>(BUG) Depuis une vacation, lorsque l&rsquo;on cr\u00e9er un document, on peut choisir des \u00e9l\u00e9ments de groupes ou de r\u00e9currence qui ont d\u00e9j\u00e0 \u00e9t\u00e9 factur\u00e9es.<\/li>\n\n\n\n<li>Financier &gt; export : ajouter la possibilit\u00e9 d&rsquo;exporter une seule facture<\/li>\n\n\n\n<li>Document &gt; Liste d\u00e9roulante \u00ab\u00a0S\u00e9lectionner une nouvelle adresse\u00a0\u00bb doit afficher les adresses du type (ex: facturation si cadre facturation) + un \u00e9l\u00e9ment Autres adresses avec les autres adresses qui ne sont pas du type sp\u00e9cifi\u00e9 (ici Facturation)<\/li>\n\n\n\n<li>Vacation : supprimer le bouton Editer de cette ligne : \u00ab\u00a0Formation, le Jeudi 22\/12\/2022 de&nbsp;15:00 \u00e0 17:00\u00a0\u00bb et ajouter un lien sur l&rsquo;horaire \u00ab\u00a015:00 \u00e0 17:00\u00a0\u00bb qui permettra de sp\u00e9cifier la nouvelle heure de d\u00e9but ou de fin (via un datetimepicker). Idem pour la date \u00ab\u00a0Jeudi 22\/12\/2022\u00a0\u00bb. Idem pour le type de prestation. =&gt; toutes ces actions d\u00e9clenchent l&rsquo;option \u00ab\u00a0Actualiser\u00a0\u00bb par d\u00e9faut.<\/li>\n\n\n\n<li>(BUG) Suivi d&rsquo;activit\u00e9 &gt; Frais : on ne peut pas s\u00e9lectionner le frais depuis la vacation<\/li>\n\n\n\n<li>(BUG) Details vacation &gt; \u00ab\u00a0Edtition rapide\u00a0\u00bb ne fonctionne pas<\/li>\n\n\n\n<li>(BUG) Details vacation &gt; l&rsquo;affichage des champs compl\u00e9mentaires d&rsquo;un document au survol ne disparait pas correctement<\/li>\n\n\n\n<li>Modification de prestation -&gt; remplacer le contenu de la fancy qui contient les boutons ne pas actualiser, tout recalculer, simplement modifier par un texte informatif + bouton \u00ab\u00a0J&rsquo;ai compris\u00a0\u00bb ou \u00ab\u00a0Termin\u00e9\u00a0\u00bb qui en fait r\u00e9aliser l&rsquo;action d&rsquo;actualiser + enregistrer<\/li>\n\n\n\n<li>(BUG) Mon compte &gt; modifier le mot de passe ne fonctionne pas<\/li>\n\n\n\n<li>(BUG) Planning &gt; Une vacation retir\u00e9e d&rsquo;une facture est toujours marqu\u00e9e comme factur\u00e9e<\/li>\n\n\n\n<li>Financier &gt; Export : ajout des colonnes \u00ab\u00a0Montant HT\u00a0\u00bb et \u00ab\u00a0TVA\u00a0\u00bb<\/li>\n\n\n\n<li>(BUG) Modification vacation de groupe statut provisoire \u00e0 confirm\u00e9 change \u00e9galement l&rsquo;adresse<\/li>\n\n\n\n<li>Param\u00e9trage produit &gt; Ajout d&rsquo;un param\u00e8tre propre aux frais permettant de sp\u00e9cifier un montant de d\u00e9fraiement qui vient remplacer le montant de la vacation pour le calcul du frais<\/li>\n\n\n\n<li>Param\u00e9trage produit &gt; Ajout d&rsquo;un param\u00e8tre propre aux frais permettant d&rsquo;indiquer si les kilom\u00e8tres de la vacation doivent \u00eatre affich\u00e9s dans l&rsquo;export des frais<\/li>\n\n\n\n<li>Listing document &gt; Ajout d&rsquo;une barre de filtrage permettant de limiter l&rsquo;ant\u00e9riorit\u00e9 des documents affich\u00e9s (permet de r\u00e9duire le temps de chargement de la page)<\/li>\n<\/ul>\n\n\n\n<h2 class=\"wp-block-heading\" id=\"roadmap\">Roadmap<\/h2>\n\n\n\n<p><strong>Release 1.0.1<\/strong><\/p>\n\n\n\n<ul class=\"wp-block-list\">\n<li>Module de soumission de facture via Chorus Pro -&gt; La soumission doit se faire via une nouvelle entr\u00e9e du menu d\u00e9pliant bleu de la facture d\u00e9finitive et permettre de saisir les informations n\u00e9c\u00e9ssaires pour la soumission de la facture. Apr\u00e8s analyse des champs n\u00e9c\u00e9ssaires dans Chorus, ajouter un module Chorus dans Param\u00e8tres pour lier les champs de chorus avec les champs compl\u00e9mentaires d&rsquo;une facture afin de proposer un pr\u00e9remplissage des champs chorus \u00e0 partir des donn\u00e9es de champs compl\u00e9mentaires li\u00e9s.<\/li>\n\n\n\n<li>Assistant vacation &gt; Ajouter la prise en charge de l&rsquo;adresse administrative depuis la vacation ?<\/li>\n\n\n\n<li>?? Module d&rsquo;export comptable personnalis\u00e9<\/li>\n\n\n\n<li>(CM) Partage de prestations entre clients d&rsquo;entit\u00e9s diff\u00e9rentes (utilisant webils ou non)<\/li>\n\n\n\n<li>Param\u00e8tres &gt; Affichage : ajouter une option pour rendre la zone de l&rsquo;adresse obligatoire<\/li>\n\n\n\n<li>[TEST] Affichage des informations compl\u00e9mentaires des vacations au survol -&gt; JF tests en cours, ajouter option dans param\u00e9trage g\u00e9n\u00e9ral + mon compte (Afficher les d\u00e9tails : Toujours, Au survol) -&gt; test\u00e9 en v0.3.7, non probant<\/li>\n\n\n\n<li>Module de r\u00e9servation : ajouter une adresse mail de validateur permettant \u00e0 ce dernier de recevoir un mail qui confirme ou non la demande (oui\/non) et actualise la demande.<\/li>\n\n\n\n<li><strong>(OK)<\/strong> Cr\u00e9ation d&rsquo;un launcher Android pour WebILS. Syst\u00e8me de s\u00e9curisation par code pin apr\u00e8s saisie de la cl\u00e9 d&rsquo;authentification en premier d\u00e9marrage. Le code PIN est enregistr\u00e9 sur le compte utilisateur (modifiable). Au lancement de l&rsquo;app, le syst\u00e8me demande de code pin pour d\u00e9v\u00e9rouiller l&rsquo;application. <strong>-&gt; Reste la mise en ligne de l&rsquo;application<\/strong><\/li>\n\n\n\n<li><strong>(CHECK OK)<\/strong> PDF &gt; Envoi des mails via gmail (https:\/\/developers.google.com\/gmail\/api\/quickstart\/php) =&gt; OK en test, \u00e0 voir en prod une fois la v\u00e9rif google pass\u00e9e<\/li>\n<\/ul>\n","protected":false},"excerpt":{"rendered":"<p>Version \u00e0 venir Version 53 (en cours) Historique Version 0.5.2.4 &#8211; 02\/06\/2025 Version 0.5.2.3 &#8211;<\/p>\n","protected":false},"author":1,"featured_media":0,"parent":0,"menu_order":0,"comment_status":"closed","ping_status":"closed","template":"","meta":{"footnotes":""},"class_list":["post-7459","page","type-page","status-publish","hentry"],"_links":{"self":[{"href":"https:\/\/webilsv2.delixir.com\/blog\/wp-json\/wp\/v2\/pages\/7459","targetHints":{"allow":["GET"]}}],"collection":[{"href":"https:\/\/webilsv2.delixir.com\/blog\/wp-json\/wp\/v2\/pages"}],"about":[{"href":"https:\/\/webilsv2.delixir.com\/blog\/wp-json\/wp\/v2\/types\/page"}],"author":[{"embeddable":true,"href":"https:\/\/webilsv2.delixir.com\/blog\/wp-json\/wp\/v2\/users\/1"}],"replies":[{"embeddable":true,"href":"https:\/\/webilsv2.delixir.com\/blog\/wp-json\/wp\/v2\/comments?post=7459"}],"version-history":[{"count":224,"href":"https:\/\/webilsv2.delixir.com\/blog\/wp-json\/wp\/v2\/pages\/7459\/revisions"}],"predecessor-version":[{"id":7825,"href":"https:\/\/webilsv2.delixir.com\/blog\/wp-json\/wp\/v2\/pages\/7459\/revisions\/7825"}],"wp:attachment":[{"href":"https:\/\/webilsv2.delixir.com\/blog\/wp-json\/wp\/v2\/media?parent=7459"}],"curies":[{"name":"wp","href":"https:\/\/api.w.org\/{rel}","templated":true}]}}